{"id":779,"date":"2021-07-27T10:06:51","date_gmt":"2021-07-27T08:06:51","guid":{"rendered":"https:\/\/www.foresterialevi.it\/ubicacion\/"},"modified":"2021-07-27T10:06:51","modified_gmt":"2021-07-27T08:06:51","slug":"ubicacion","status":"publish","type":"page","link":"https:\/\/www.foresterialevi.it\/es\/ubicacion\/","title":{"rendered":"Ubicaci\u00f3n"},"content":{"rendered":"<p>[vc_row full_width=\u00bbstretch_row_content\u00bb][vc_column]\n\t\t\t<!-- START Location REVOLUTION SLIDER 6.4.5 --><p class=\"rs-p-wp-fix\"><\/p>\n\t\t\t<rs-module-wrap id=\"rev_slider_5_1_wrapper\" data-source=\"gallery\" style=\"background:transparent;padding:0;\">\n\t\t\t\t<rs-module id=\"rev_slider_5_1\" style=\"\" data-version=\"6.4.5\">\n\t\t\t\t\t<rs-slides>\n\t\t\t\t\t\t<rs-slide data-key=\"rs-11\" data-title=\"Slide\" data-in=\"o:0;\" data-out=\"a:false;\">\n\t\t\t\t\t\t\t<img src=\"\/\/www.foresterialevi.it\/wp-content\/uploads\/2021\/06\/FL_08072016-_MG_4802.jpg\" title=\"FL_08072016-_MG_4802\" width=\"2560\" height=\"1707\" class=\"rev-slidebg tp-rs-img\" data-no-retina>\n<!---->\t\t\t\t\t\t<\/rs-slide>\n\t\t\t\t\t<\/rs-slides>\n\t\t\t\t<\/rs-module>\n\t\t\t\t<script type=\"text\/javascript\">\n\t\t\t\t\tsetREVStartSize({c: 'rev_slider_5_1',rl:[1240,1024,778,480],el:[900],gw:[1240],gh:[900],type:'standard',justify:'',layout:'fullscreen',offsetContainer:'',offset:'',mh:\"0\"});\n\t\t\t\t\tvar\trevapi5,\n\t\t\t\t\t\ttpj;\n\t\t\t\t\tfunction revinit_revslider51() {\n\t\t\t\t\tjQuery(function() {\n\t\t\t\t\t\ttpj = jQuery;\n\t\t\t\t\t\trevapi5 = tpj(\"#rev_slider_5_1\");\n\t\t\t\t\t\tif(revapi5==undefined || revapi5.revolution == undefined){\n\t\t\t\t\t\t\trevslider_showDoubleJqueryError(\"rev_slider_5_1\");\n\t\t\t\t\t\t}else{\n\t\t\t\t\t\t\trevapi5.revolution({\n\t\t\t\t\t\t\t\tsliderLayout:\"fullscreen\",\n\t\t\t\t\t\t\t\tvisibilityLevels:\"1240,1024,778,480\",\n\t\t\t\t\t\t\t\tgridwidth:1240,\n\t\t\t\t\t\t\t\tgridheight:900,\n\t\t\t\t\t\t\t\tperspective:600,\n\t\t\t\t\t\t\t\tperspectiveType:\"global\",\n\t\t\t\t\t\t\t\teditorheight:\"900,768,960,720\",\n\t\t\t\t\t\t\t\tresponsiveLevels:\"1240,1024,778,480\",\n\t\t\t\t\t\t\t\tprogressBar:{disableProgressBar:true},\n\t\t\t\t\t\t\t\tnavigation: {\n\t\t\t\t\t\t\t\t\tonHoverStop:false\n\t\t\t\t\t\t\t\t},\n\t\t\t\t\t\t\t\tfallbacks: {\n\t\t\t\t\t\t\t\t\tallowHTML5AutoPlayOnAndroid:true\n\t\t\t\t\t\t\t\t},\n\t\t\t\t\t\t\t});\n\t\t\t\t\t\t}\n\t\t\t\t\t\t\n\t\t\t\t\t});\n\t\t\t\t\t} \/\/ End of RevInitScript\n\t\t\t\tvar once_revslider51 = false;\n\t\t\t\tif (document.readyState === \"loading\") {document.addEventListener('readystatechange',function() { if((document.readyState === \"interactive\" || document.readyState === \"complete\") && !once_revslider51 ) { once_revslider51 = true; revinit_revslider51();}});} else {once_revslider51 = true; revinit_revslider51();}\n\t\t\t\t<\/script>\n\t\t\t<\/rs-module-wrap>\n\t\t\t<!-- END REVOLUTION SLIDER -->\n[vc_raw_html]PGRpdiBjbGFzcz0iYXJyb3ctd3JhcHBlciI+PGRpdiBjbGFzcz0iYXJyb3ciPjwvZGl2PjwvZGl2Pg==[\/vc_raw_html][\/vc_column][\/vc_row][vc_row full_width=\u00bbstretch_row_content\u00bb][vc_column][vc_empty_space height=\u00bb100px\u00bb][vc_column_text]<\/p>\n<h1 style=\"text-align: center;\">UBICACI\u00d3N<\/h1>\n<p>[\/vc_column_text][vc_empty_space height=\u00bb50px\u00bb][\/vc_column][\/vc_row][vc_row][vc_column][vc_column_text]<br \/>\n[\/vc_column_text][\/vc_column][\/vc_row][vc_row css=\u00bb.vc_custom_1547553006946{padding-top: 10px !important;padding-bottom: 50px !important;}\u00bb][vc_column][vc_column_text]<\/p>\n<p style=\"text-align: center;\">Foresteria Levi se encuentra en el Palacio Giustinian Lolin, un edificio hist\u00f3rico cuya parte antigua da al Gran Canal, frente a las Galer\u00edas de la Academia. Por lo tanto, se encuentra a un tiro de piedra de Campo S. Stefano y es de f\u00e1cil acceso para cualquier persona que no est\u00e9 familiarizada con las calles de Venecia.<\/p>\n<p>[\/vc_column_text][\/vc_column][\/vc_row][vc_row full_width=\u00bbstretch_row_content_no_spaces\u00bb][vc_column][vc_gmaps link=\u00bb#E-8_JTNDaWZyYW1lJTIwc3JjJTNEJTIyaHR0cHMlM0ElMkYlMkZ3d3cuZ29vZ2xlLmNvbSUyRm1hcHMlMkZlbWJlZCUzRnBiJTNEJTIxMW0xOCUyMTFtMTIlMjExbTMlMjExZDExMTk5LjQyNjQzNTU4ODQxOSUyMTJkMTIuMzIwMDIxNTYzMTQ4ODk5JTIxM2Q0NS40MzIzOTE3ODM2MTQwMSUyMTJtMyUyMTFmMCUyMTJmMCUyMTNmMCUyMTNtMiUyMTFpMTAyNCUyMTJpNzY4JTIxNGYxMy4xJTIxM20zJTIxMW0yJTIxMXMweDQ3N2ViMWQxYTljNjNhMTklMjUzQTB4ODQyZTA5MDZjMmRiZjc0OCUyMTJzRm9yZXN0ZXJpYSUyNTIwTGV2aSUyMTVlMCUyMTNtMiUyMTFzaXQlMjEyc2l0JTIxNHYxNjI0MjcxNTQ5NDEyJTIxNW0yJTIxMXNpdCUyMTJzaXQlMjIlMjB3aWR0aCUzRCUyMjYwMCUyMiUyMGhlaWdodCUzRCUyMjQ1MCUyMiUyMHN0eWxlJTNEJTIyYm9yZGVyJTNBMCUzQiUyMiUyMGFsbG93ZnVsbHNjcmVlbiUzRCUyMiUyMiUyMGxvYWRpbmclM0QlMjJsYXp5JTIyJTNFJTNDJTJGaWZyYW1lJTNF\u00bb size=\u00bb800px\u00bb][vc_empty_space height=\u00bb40px\u00bb][\/vc_column][\/vc_row][vc_row css=\u00bb.vc_custom_1547712153347{padding-top: 50px !important;padding-bottom: 50px !important;}\u00bb][vc_column][vc_column_text]<\/p>\n<h2 style=\"text-align: center;\">C\u00f3mo Encontrarnos<\/h2>\n<p>[\/vc_column_text][\/vc_column][\/vc_row][vc_row full_width=\u00bbstretch_row_content\u00bb gap=\u00bb35&#8243; css=\u00bb.vc_custom_1547712291318{padding-bottom: 50px !important;}\u00bb][vc_column width=\u00bb1\/3&#8243; css=\u00bb.vc_custom_1624271879949{padding-top: 35px !important;padding-right: 35px !important;padding-bottom: 35px !important;padding-left: 35px !important;background-color: #f4f4f4 !important;}\u00bb][vc_icon icon_fontawesome=\u00bbfa fa-plane\u00bb color=\u00bbblack\u00bb size=\u00bbxl\u00bb align=\u00bbcenter\u00bb][vc_column_text]<\/p>\n<h3 style=\"text-align: center;\">Per chi arriva dall&#8217;aeroporto<\/h3>\n<p style=\"text-align: center;\">Dall\u2019Aeroporto \u00bbMarco Polo\u00bb di Tessera (Venezia) prendere l\u2019autobus n. 5 (ACTV) per Venezia-Piazzale Roma.<\/p>\n<p style=\"text-align: center;\">Da Piazzale Roma prendere il vaporetto linea n. 1 oppure linea n. 2 in direzione S. Marco-Lido.<\/p>\n<p style=\"text-align: center;\">Scendere alla fermata \u201cAccademia\u201d attraversare il ponte dell\u2019Accademia &#8211; direzione Campo S. Stefano. Appena scesi girare a sinistra e attraversare il piccolo ponte \u201cGiustinian\u201d &#8211; direzione Palazzo Grassi. Alla fine della calle troverete il portone della Fondazione Levi n. 2893.<\/p>\n<p>[\/vc_column_text][\/vc_column][vc_column width=\u00bb1\/3&#8243; css=\u00bb.vc_custom_1624271891641{padding-top: 35px !important;padding-right: 35px !important;padding-bottom: 35px !important;padding-left: 35px !important;background-color: #f4f4f4 !important;}\u00bb][vc_icon icon_fontawesome=\u00bbfa fa-car\u00bb color=\u00bbblack\u00bb size=\u00bbxl\u00bb align=\u00bbcenter\u00bb][vc_column_text]<\/p>\n<h3 style=\"text-align: center;\">Per chi arriva in automobile<\/h3>\n<p style=\"text-align: center;\">Per chi arriva a Venezia in auto pu\u00f2 parcheggiare all\u2019isola del Tronchetto presso \u201cTronchetto Parking\u201d (soluzione pi\u00f9 economica) oppure al Garage San Marco di Piazzale Roma. Le due strutture sono convenzionate con Foresteria Levi perci\u00f2 ricordatevi di chiedere il coupon alla partenza per ottenere uno speciale sconto.<\/p>\n<p style=\"text-align: center;\">In entrambi i casi prendere il vaporetto linea n. 2 in direzione Rialto-S. Marco e proseguire fino\u00a0alla fermata \u201cAccademia\u201d.<\/p>\n<p style=\"text-align: center;\">Qui, una volta scesi, attraversare il ponte dell\u2019Accademia &#8211; direzione Campo S. Stefano. Appena scesi girare a sinistra e attraversare il piccolo ponte \u201cGiustinian\u201d &#8211; direzione Palazzo Grassi. Alla fine della calle troverete il portone della Fondazione Levi n. 2893.<\/p>\n<p>[\/vc_column_text][\/vc_column][vc_column width=\u00bb1\/3&#8243; css=\u00bb.vc_custom_1624271899316{padding-top: 35px !important;padding-right: 35px !important;padding-bottom: 35px !important;padding-left: 35px !important;background-color: #f4f4f4 !important;}\u00bb][vc_icon icon_fontawesome=\u00bbfa fa-train\u00bb color=\u00bbblack\u00bb size=\u00bbxl\u00bb align=\u00bbcenter\u00bb][vc_column_text]<\/p>\n<h3 style=\"text-align: center;\">Per chi arriva in treno<\/h3>\n<p style=\"text-align: center;\">Dalla Stazione Santa Lucia prendere il vaporetto linea n. 1 oppure linea n. 2 in direzione S. Marco-Lido.<\/p>\n<p style=\"text-align: center;\">Scendere alla fermata \u201cAccademia\u201d attraversare il ponte dell\u2019Accademia &#8211; direzione Campo S. Stefano. Appena scesi girare a sinistra e attraversare il piccolo ponte \u201cGiustinian\u201d &#8211; direzione Palazzo Grassi. Alla fine della calle troverete il portone della Fondazione Levi n. 2893.<\/p>\n<p>[\/vc_column_text][\/vc_column][\/vc_row]<\/p>\n","protected":false},"excerpt":{"rendered":"<p>[vc_row full_width=\u00bbstretch_row_content\u00bb][vc_column][vc_raw_html]PGRpdiBjbGFzcz0iYXJyb3ctd3JhcHBlciI+PGRpdiBjbGFzcz0iYXJyb3ciPjwvZGl2PjwvZGl2Pg==[\/vc_raw_html][\/vc_column][\/vc_row][vc_row full_width=\u00bbstretch_row_content\u00bb][vc_column][vc_empty_space height=\u00bb100px\u00bb][vc_column_text] UBICACI\u00d3N [\/vc_column_text][vc_empty_space height=\u00bb50px\u00bb][\/vc_column][\/vc_row][vc_row][vc_column][vc_column_text] [\/vc_column_text][\/vc_column][\/vc_row][vc_row css=\u00bb.vc_custom_1547553006946{padding-top: 10px !important;padding-bottom: 50px !important;}\u00bb][vc_column][vc_column_text] Foresteria Levi se encuentra en el Palacio Giustinian Lolin, un edificio hist\u00f3rico cuya parte antigua da al Gran Canal, frente a las Galer\u00edas de la Academia. Por lo tanto, se encuentra a un tiro de piedra de Campo S. Stefano y es&hellip;<\/p>\n","protected":false},"author":1,"featured_media":0,"parent":0,"menu_order":0,"comment_status":"closed","ping_status":"closed","template":"","meta":[],"aioseo_notices":[],"_links":{"self":[{"href":"https:\/\/www.foresterialevi.it\/es\/wp-json\/wp\/v2\/pages\/779"}],"collection":[{"href":"https:\/\/www.foresterialevi.it\/es\/wp-json\/wp\/v2\/pages"}],"about":[{"href":"https:\/\/www.foresterialevi.it\/es\/wp-json\/wp\/v2\/types\/page"}],"author":[{"embeddable":true,"href":"https:\/\/www.foresterialevi.it\/es\/wp-json\/wp\/v2\/users\/1"}],"replies":[{"embeddable":true,"href":"https:\/\/www.foresterialevi.it\/es\/wp-json\/wp\/v2\/comments?post=779"}],"version-history":[{"count":2,"href":"https:\/\/www.foresterialevi.it\/es\/wp-json\/wp\/v2\/pages\/779\/revisions"}],"predecessor-version":[{"id":781,"href":"https:\/\/www.foresterialevi.it\/es\/wp-json\/wp\/v2\/pages\/779\/revisions\/781"}],"wp:attachment":[{"href":"https:\/\/www.foresterialevi.it\/es\/wp-json\/wp\/v2\/media?parent=779"}],"curies":[{"name":"wp","href":"https:\/\/api.w.org\/{rel}","templated":true}]}}