{"id":755,"date":"2021-07-27T09:59:30","date_gmt":"2021-07-27T07:59:30","guid":{"rendered":"https:\/\/www.foresterialevi.it\/gaestehaus-levi\/"},"modified":"2021-07-27T09:59:30","modified_gmt":"2021-07-27T07:59:30","slug":"gaestehaus-levi","status":"publish","type":"page","link":"https:\/\/www.foresterialevi.it\/de\/gaestehaus-levi\/","title":{"rendered":"G\u00e4stehaus Levi"},"content":{"rendered":"<p>[vc_row full_width=&#8220;stretch_row_content&#8220;][vc_column]\n\t\t\t<!-- START Vicinanze REVOLUTION SLIDER 6.4.5 --><p class=\"rs-p-wp-fix\"><\/p>\n\t\t\t<rs-module-wrap id=\"rev_slider_3_1_wrapper\" data-source=\"gallery\" style=\"background:transparent;padding:0;\">\n\t\t\t\t<rs-module id=\"rev_slider_3_1\" style=\"\" data-version=\"6.4.5\">\n\t\t\t\t\t<rs-slides>\n\t\t\t\t\t\t<rs-slide data-key=\"rs-9\" data-title=\"Slide\" data-in=\"o:0;\" data-out=\"a:false;\">\n\t\t\t\t\t\t\t<img src=\"\/\/www.foresterialevi.it\/wp-content\/uploads\/2021\/06\/FL__MG_5305.jpg\" title=\"FL__MG_5305\" width=\"2560\" height=\"1707\" class=\"rev-slidebg tp-rs-img\" data-no-retina>\n<!---->\t\t\t\t\t\t<\/rs-slide>\n\t\t\t\t\t<\/rs-slides>\n\t\t\t\t<\/rs-module>\n\t\t\t\t<script type=\"text\/javascript\">\n\t\t\t\t\tsetREVStartSize({c: 'rev_slider_3_1',rl:[1240,1024,778,480],el:[900],gw:[1240],gh:[900],type:'standard',justify:'',layout:'fullscreen',offsetContainer:'',offset:'',mh:\"0\"});\n\t\t\t\t\tvar\trevapi3,\n\t\t\t\t\t\ttpj;\n\t\t\t\t\tfunction revinit_revslider31() {\n\t\t\t\t\tjQuery(function() {\n\t\t\t\t\t\ttpj = jQuery;\n\t\t\t\t\t\trevapi3 = tpj(\"#rev_slider_3_1\");\n\t\t\t\t\t\tif(revapi3==undefined || revapi3.revolution == undefined){\n\t\t\t\t\t\t\trevslider_showDoubleJqueryError(\"rev_slider_3_1\");\n\t\t\t\t\t\t}else{\n\t\t\t\t\t\t\trevapi3.revolution({\n\t\t\t\t\t\t\t\tsliderLayout:\"fullscreen\",\n\t\t\t\t\t\t\t\tvisibilityLevels:\"1240,1024,778,480\",\n\t\t\t\t\t\t\t\tgridwidth:1240,\n\t\t\t\t\t\t\t\tgridheight:900,\n\t\t\t\t\t\t\t\tperspective:600,\n\t\t\t\t\t\t\t\tperspectiveType:\"global\",\n\t\t\t\t\t\t\t\teditorheight:\"900,768,960,720\",\n\t\t\t\t\t\t\t\tresponsiveLevels:\"1240,1024,778,480\",\n\t\t\t\t\t\t\t\tprogressBar:{disableProgressBar:true},\n\t\t\t\t\t\t\t\tnavigation: {\n\t\t\t\t\t\t\t\t\tonHoverStop:false\n\t\t\t\t\t\t\t\t},\n\t\t\t\t\t\t\t\tfallbacks: {\n\t\t\t\t\t\t\t\t\tallowHTML5AutoPlayOnAndroid:true\n\t\t\t\t\t\t\t\t},\n\t\t\t\t\t\t\t});\n\t\t\t\t\t\t}\n\t\t\t\t\t\t\n\t\t\t\t\t});\n\t\t\t\t\t} \/\/ End of RevInitScript\n\t\t\t\tvar once_revslider31 = false;\n\t\t\t\tif (document.readyState === \"loading\") {document.addEventListener('readystatechange',function() { if((document.readyState === \"interactive\" || document.readyState === \"complete\") && !once_revslider31 ) { once_revslider31 = true; revinit_revslider31();}});} else {once_revslider31 = true; revinit_revslider31();}\n\t\t\t\t<\/script>\n\t\t\t<\/rs-module-wrap>\n\t\t\t<!-- END REVOLUTION SLIDER -->\n[vc_raw_html]PGRpdiBjbGFzcz0iYXJyb3ctd3JhcHBlciI+PGRpdiBjbGFzcz0iYXJyb3ciPjwvZGl2PjwvZGl2Pg==[\/vc_raw_html][\/vc_column][\/vc_row][vc_row full_width=&#8220;stretch_row_content&#8220;][vc_column][vc_empty_space height=&#8220;100px&#8220;][vc_column_text]<\/p>\n<h1 style=\"text-align: center;\">G\u00e4stehaus Levi<\/h1>\n<p>[\/vc_column_text][vc_empty_space height=&#8220;50px&#8220;][\/vc_column][\/vc_row][vc_row css=&#8220;.vc_custom_1599480130175{padding-top: 50px !important;padding-bottom: 50px !important;}&#8220;][vc_column][vc_column_text]<\/p>\n<p style=\"text-align: center;\">Das Giustinian Lolin Geb\u00e4ude, das im 17. Jahrhundert von Baldassarre Longhena, einem venezianischem Bildhauer und Architekten, ber\u00fchmter Autor der Basilika Santa Maria della Salute, restauriert wurde, beherbergt heute das G\u00e4stehaus Levi, ein Herrenhaus inmitten von Kunst und Komfort, eine vortreffliche Verbindung f\u00fcr einen Aufenthalt in Venedig.<\/p>\n<p style=\"text-align: center;\">Die rund um die Uhr ge\u00f6ffnete Rezeption garantiert unseren G\u00e4sten einen kontinuierlichen fachm\u00e4nnischen Service. Wir helfen Ihnen, das f\u00fcr Ihren Geschmack ideale Restaurant zu finden, buchen eine gef\u00fchrte Tour und Taxitransfers. Wir sind erfreut, Ihnen bei der Entdeckung des charakteristischsten Venedigs helfen und Ihnen auf Ihre Erwartungen zugeschnittene Routen empfehlen zu k\u00f6nnen.<\/p>\n<p>[\/vc_column_text][\/vc_column][\/vc_row][vc_row full_width=&#8220;stretch_row_content&#8220;][vc_column]\r\n\t\t\t\t<style type='text\/css'>\r\n\t\t\t\t\t#gallery-1 {\r\n\t\t\t\t\tmargin: auto;\r\n\t\t\t\t\t}\r\n\t\t\t\t\t#gallery-1 .fg-gallery-item {\r\n\t\t\t\t\tfloat: left;\r\n\t\t\t\t\tmargin-top: 10px;\r\n\t\t\t\t\ttext-align: center;\r\n\t\t\t\t\twidth: 20%;\r\n\t\t\t\t\t}\r\n\t\t\t\t\t#gallery-1 .fg-gallery-caption {\r\n\t\t\t\t\tmargin-left: 0;\r\n\t\t\t\t\t}\r\n\t\t\t\t\t#gallery-1.fastgallery .fg-gallery-caption, \r\n\t\t\t\t\t#gallery-1.fastgallery .fg-gallery-caption:hover {\r\n\t\t\t\t\t\tbackground-color:rgba( 252 , 97 , 93 , 1);\r\n\t\t\t\t\t}\r\n\t\t\t\t\t#gallery-1.fastgallery.gallery .fastgallery-gallery-icon .fg_zoom a, \r\n\t\t\t\t\t#gallery-1.fastgallery.gallery .fastgallery-gallery-icon .fg_zoom a:hover {\r\n\t\t\t\t\t\tcolor:#fc615d;\r\n\t\t\t\t\t}\r\n\t\t\t\t\t#gallery-1.fastgallery.fg_style1 .fg-gallery-caption {\r\n\t\t\t\t\t\tcolor:#ffffff;\t\r\n\t\t\t\t\t}\r\n\t\t\t\t\t#gallery-1.fastgallery.gallery.fg_style2 .fastgallery-gallery-icon .fg_zoom a {\r\n\t\t\t\t\t\tbackground:rgba( 255 , 255 , 255 , 0.3);\r\n\t\t\t\t\t}\r\n\t\t\t\t\t#gallery-1.fastgallery.fg_style2 .fg-gallery-caption {\r\n\t\t\t\t\t\tcolor:#ffffff;\t\r\n\t\t\t\t\t}\t\t\t\r\n\t\t\t\t\t#gallery-1.fastgallery.gallery.fg_style3 .fg_zoom, #gallery-1.fastgallery.gallery.fg_style3 .fg_zoom:hover {\r\n\t\t\t\t\t\tbackground:rgba( 252 , 97 , 93 , 1);\r\n\t\t\t\t\t}\r\n\t\t\t\t\t#gallery-1.fastgallery.fg_style3 .fg-gallery-caption {\r\n\t\t\t\t\t\tcolor:#ffffff;\t\r\n\t\t\t\t\t}\t\t\t\t\r\n\t\t\t\t\t#gallery-1.fastgallery.fg_style4 .fg-gallery-caption,\t\t\t\r\n\t\t\t\t\t#gallery-1.fastgallery.gallery.fg_style4 .fastgallery-gallery-icon .fg_zoom a, \r\n\t\t\t\t\t#gallery-1.fastgallery.gallery.fg_style4 .fastgallery-gallery-icon .fg_zoom a:hover {\r\n\t\t\t\t\t\tcolor:#ffffff;\r\n\t\t\t\t\t}\r\n\t\t\t\t\t#gallery-1.fastgallery.gallery.fg_style4 .fastgallery-gallery-icon .fg_zoom a, \r\n\t\t\t\t\t#gallery-1.fastgallery.gallery.fg_style4 .fastgallery-gallery-icon .fg_zoom a:hover\t{\r\n\t\t\t\t\t\tbackground:rgba( 252 , 97 , 93 , 1);\r\n\t\t\t\t\t}\t\t\t\r\n\t\t\t\t\t#gallery-1.fastgallery.gallery.fg_style5 .fastgallery-gallery-icon .fg_zoom a, \r\n\t\t\t\t\t#gallery-1.fastgallery.gallery.fg_style5 .fastgallery-gallery-icon .fg_zoom a:hover\t{\r\n\t\t\t\t\t\tcolor:#ffffff;\r\n\t\t\t\t\t\tbackground-color:rgba( 252 , 97 , 93 , 1);\r\n\t\t\t\t\t}\t\t\t\t\t\r\n\t\t\t\t\t#gallery-1.fastgallery.gallery.fg_style6 .fastgallery-gallery-icon .fg_zoom a,\r\n\t\t\t\t\t#gallery-1.fastgallery.gallery.fg_style6 .fastgallery-gallery-icon .fg_zoom a:hover {\r\n\t\t\t\t\t\tcolor:#ffffff;\r\n\t\t\t\t\t\tbackground:rgba( 252 , 97 , 93 , 1);\t\t\t\t\r\n\t\t\t\t\t}\r\n\t\t\t\t\r\n\t\t\t\t\t#gallery-1.fastgallery.fg_style6 .fg-gallery-caption {\r\n\t\t\t\t\t\tcolor:#ffffff;\t\r\n\t\t\t\t\t}\r\n\t\t\t\t\t#gallery-1.fastgallery.gallery.fg_style7 .fastgallery-gallery-icon .fg_zoom a,\r\n\t\t\t\t\t#gallery-1.fastgallery.gallery.fg_style7 .fastgallery-gallery-icon .fg_zoom a:hover {\r\n\t\t\t\t\t\tcolor:#ffffff;\r\n\t\t\t\t\t\tbackground:rgba( 252 , 97 , 93 , 1);\t\t\t\t\r\n\t\t\t\t\t}\t\t\r\n\t\t\t\t\t#gallery-1.fastgallery.fg_style7 .fg-gallery-caption {\r\n\t\t\t\t\t\tcolor:#ffffff;\t\r\n\t\t\t\t\t}\r\n\t\t\t\t\t\r\n\t\t\t\t\t#gallery-1.fastgallery.gallery.fg_style8 .fastgallery-gallery-icon .fg_zoom a,\r\n\t\t\t\t\t#gallery-1.fastgallery.gallery.fg_style8 .fastgallery-gallery-icon .fg_zoom a:hover {\r\n\t\t\t\t\t\tcolor:#ffffff;\r\n\t\t\t\t\t\tbackground:rgba( 252 , 97 , 93 , 1);\t\t\t\t\r\n\t\t\t\t\t}\r\n\t\t\t\t\r\n\t\t\t\t\t#gallery-1.fastgallery.fg_style8 .fg-gallery-caption {\r\n\t\t\t\t\t\tcolor:#ffffff;\t\r\n\t\t\t\t\t}\r\n\t\t\t\t\t\r\n\t\t\t\t\t#gallery-1.fastgallery.gallery.fg_style9 .fastgallery-gallery-icon .fg_zoom a,\r\n\t\t\t\t\t#gallery-1.fastgallery.gallery.fg_style9 .fastgallery-gallery-icon .fg_zoom a:hover {\r\n\t\t\t\t\t\tcolor:#ffffff;\r\n\t\t\t\t\t\tbackground:rgba( 252 , 97 , 93 , 1);\t\t\t\t\r\n\t\t\t\t\t}\t\t\r\n\t\t\t\t\t#gallery-1.fastgallery.fg_style9 .fg-gallery-caption {\r\n\t\t\t\t\t\tcolor:#ffffff;\t\r\n\t\t\t\t\t}\r\n\t\t\t\t\t\r\n\t\t\t\t\t#gallery-1.fastgallery.gallery.fg_style10 .fastgallery-gallery-icon .fg_zoom a,\r\n\t\t\t\t\t#gallery-1.fastgallery.gallery.fg_style10 .fastgallery-gallery-icon .fg_zoom a:hover {\r\n\t\t\t\t\t\tcolor:#ffffff;\r\n\t\t\t\t\t\tbackground:rgba( 252 , 97 , 93 , 1);\t\t\t\t\r\n\t\t\t\t\t}\t\t\r\n\t\t\t\t\t#gallery-1.fastgallery.fg_style10 .fg-gallery-caption {\r\n\t\t\t\t\t\tcolor:#ffffff;\t\r\n\t\t\t\t\t}\r\n\t\t\t\t\t#gallery-1.fastgallery.fg_style11 .fg-gallery-caption {\r\n\t\t\t\t\t\tcolor:#ffffff;\t\r\n\t\t\t\t\t}\r\n\t\t\t\t\t#gallery-1.fastgallery.fg_style11 .fastgallery-gallery-icon .fg_zoom a, \r\n\t\t\t\t\t#gallery-1.fastgallery.fg_style11 .fastgallery-gallery-icon .fg_zoom a:hover {\r\n\t\t\t\t\t\tcolor:#fc615d;\r\n\t\t\t\t\t\tbackground:rgba( 255 , 255 , 255 , 0.3);\r\n\t\t\t\t\t}\r\n\t\t\t\t\t#gallery-1.fastgallery.fg_style12 .fg-gallery-caption {\r\n\t\t\t\t\t\tcolor:#ffffff;\t\r\n\t\t\t\t\t}\r\n\t\t\t\t\t#gallery-1.fastgallery.fg_style12 .fastgallery-gallery-icon .fg_zoom a, \r\n\t\t\t\t\t#gallery-1.fastgallery.fg_style12 .fastgallery-gallery-icon .fg_zoom a:hover {\r\n\t\t\t\t\t\tcolor:#fc615d;\r\n\t\t\t\t\t\tbackground:rgba( 255 , 255 , 255 , 0.3);\r\n\t\t\t\t\t}\t\t\t\t\t\t\t\t\t\t\t\t\t\t\t\t\r\n\t\t\t\t\t\/* FOTORAMA *\/\r\n\t\t\t\t\t#gallery-1.fastgallery.fotorama.fg_style1 .fotorama__thumb-border {\r\n\t\t\t\t\t\tborder-color:rgba( 252 , 97 , 93 , 1);\r\n\t\t\t\t\t}\r\n\t\t\t\t\t#gallery-1.fastgallery.fotorama.fg_style1 .fotorama__html > div {\r\n\t\t\t\t\t\tbackground:rgba( 252 , 97 , 93 , 1);\r\n\t\t\t\t\t\tcolor:#ffffff;\r\n\t\t\t\t\t}\r\n\t\t\t\t\t#gallery-1.fastgallery.fotorama.fg_style2 .fotorama__thumb-border {\r\n\t\t\t\t\t\tborder-color:rgba( 252 , 97 , 93 , 1);\r\n\t\t\t\t\t}\r\n\t\t\t\t\t#gallery-1.fastgallery.fotorama.fg_style2 .fotorama__html > div {\r\n\t\t\t\t\t\tbackground:rgba( 252 , 97 , 93 , 1);\r\n\t\t\t\t\t\tcolor:#ffffff;\r\n\t\t\t\t\t}\r\n\t\t\t\t\t#gallery-1.fastgallery.fotorama.fg_style3 .fotorama__thumb-border {\r\n\t\t\t\t\t\tborder-color:rgba( 252 , 97 , 93 , 1);\r\n\t\t\t\t\t}\t\t\t\t\t\t\r\n\t\t\t\t\t#gallery-1.fastgallery.fotorama.fg_style3 .fotorama__html > div {\r\n\t\t\t\t\t\tcolor:#ffffff;\r\n\t\t\t\t\t}\r\n\t\t\t\t\t#gallery-1.fastgallery.fotorama.fg_style4 .fotorama__thumb-border {\r\n\t\t\t\t\t\tborder-color:rgba( 252 , 97 , 93 , 1);\r\n\t\t\t\t\t}\t\t\t\t\t\t\r\n\t\t\t\t\t#gallery-1.fastgallery.fotorama.fg_style4 .fotorama__html > div {\r\n\t\t\t\t\t\tcolor:#ffffff;\r\n\t\t\t\t\t}\r\n\t\t\t\t\t#gallery-1.fastgallery.fotorama.fg_style5 .fotorama__thumb-border {\r\n\t\t\t\t\t\tborder-color:rgba( 252 , 97 , 93 , 1);\r\n\t\t\t\t\t\tbackground:rgba( 252 , 97 , 93 , 1);\r\n\t\t\t\t\t}\t\t\t\t\t\t\r\n\t\t\t\t\t#gallery-1.fastgallery.fotorama.fg_style5 .fotorama__html > div {\r\n\t\t\t\t\t\tcolor:#ffffff;\r\n\t\t\t\t\t}\r\n\t\t\t\t\t#gallery-1.fastgallery.fotorama.fg_style6 .fotorama__thumb-border {\r\n\t\t\t\t\t\tborder-color:rgba( 252 , 97 , 93 , 1);\r\n\t\t\t\t\t\tbackground:rgba( 252 , 97 , 93 , 1);\r\n\t\t\t\t\t}\t\t\t\t\t\t\r\n\t\t\t\t\t#gallery-1.fastgallery.fotorama.fg_style6 .fotorama__html > div {\r\n\t\t\t\t\t\tcolor:#ffffff;\r\n\t\t\t\t\t}\r\n\t\t\t\t\t#gallery-1.fastgallery.fotorama.fg_style7 .fotorama__thumb-border {\r\n\t\t\t\t\t\tborder-color:rgba( 252 , 97 , 93 , 1);\r\n\t\t\t\t\t\tbackground:rgba( 252 , 97 , 93 , 1);\r\n\t\t\t\t\t}\t\t\t\t\t\t\r\n\t\t\t\t\t#gallery-1.fastgallery.fotorama.fg_style7 .fotorama__html > div {\r\n\t\t\t\t\t\tcolor:#ffffff;\r\n\t\t\t\t\t\tbackground:rgba( 252 , 97 , 93 , 1);\r\n\t\t\t\t\t}\r\n\t\t\t\t\t#gallery-1.fastgallery.fotorama.fg_style8 .fotorama__thumb-border {\r\n\t\t\t\t\t\tborder-color:rgba( 252 , 97 , 93 , 1);\r\n\t\t\t\t\t\tbackground:rgba( 252 , 97 , 93 , 1);\r\n\t\t\t\t\t}\t\t\t\t\t\t\r\n\t\t\t\t\t#gallery-1.fastgallery.fotorama.fg_style8 .fotorama__html > div {\r\n\t\t\t\t\t\tcolor:#ffffff;\r\n\t\t\t\t\t\tbackground:rgba( 252 , 97 , 93 , 1);\r\n\t\t\t\t\t}\r\n\t\t\t\t\t#gallery-1.fastgallery.fotorama.fg_style9 .fotorama__thumb-border {\r\n\t\t\t\t\t\tborder-color:rgba( 252 , 97 , 93 , 1);\r\n\t\t\t\t\t\tbackground:rgba( 252 , 97 , 93 , 1);\r\n\t\t\t\t\t}\t\t\t\t\t\t\r\n\t\t\t\t\t#gallery-1.fastgallery.fotorama.fg_style9 .fotorama__html > div {\r\n\t\t\t\t\t\tcolor:#ffffff;\r\n\t\t\t\t\t\tbackground:rgba( 252 , 97 , 93 , 1);\r\n\t\t\t\t\t}\r\n\t\t\t\t\t#gallery-1.fastgallery.fotorama.fg_style10 .fotorama__thumb-border {\r\n\t\t\t\t\t\tborder-color:rgba( 252 , 97 , 93 , 1);\r\n\t\t\t\t\t\tbackground:rgba( 252 , 97 , 93 , 1);\r\n\t\t\t\t\t}\t\t\t\t\t\t\r\n\t\t\t\t\t#gallery-1.fastgallery.fotorama.fg_style10 .fotorama__html > div {\r\n\t\t\t\t\t\tcolor:#ffffff;\r\n\t\t\t\t\t\tbackground:rgba( 252 , 97 , 93 , 1);\r\n\t\t\t\t\t}\r\n\t\t\t\t\t#gallery-1.fastgallery.fotorama.fg_style11 .fotorama__thumb-border {\r\n\t\t\t\t\t\tborder-color:rgba( 252 , 97 , 93 , 1);\r\n\t\t\t\t\t}\r\n\t\t\t\t\t#gallery-1.fastgallery.fotorama.fg_style11 .fotorama__html > div {\r\n\t\t\t\t\t\tbackground:rgba( 252 , 97 , 93 , 1);\r\n\t\t\t\t\t\tcolor:#ffffff;\r\n\t\t\t\t\t}\r\n\t\t\t\t\t#gallery-1.fastgallery.fotorama.fg_style12 .fotorama__thumb-border {\r\n\t\t\t\t\t\tborder-color:rgba( 252 , 97 , 93 , 1);\r\n\t\t\t\t\t}\r\n\t\t\t\t\t#gallery-1.fastgallery.fotorama.fg_style12 .fotorama__html > div {\r\n\t\t\t\t\t\tbackground:rgba( 252 , 97 , 93 , 1);\r\n\t\t\t\t\t\tcolor:#ffffff;\r\n\t\t\t\t\t}\t\t\t\t\t\t\t\t\t\t\r\n\t\t\t\t\t\/* THUMBS ONE ON *\/\r\n\t\t\t\t\t#gallery-1.fastgallery.fg_thumbs_one .fg-gallery-item {\r\n\t\t\t\t\t\tdisplay:none;\r\n\t\t\t\t\t}\r\n\t\t\t\t\t#gallery-1.fastgallery.fg_thumbs_one .fg-gallery-item:first-child {\r\n\t\t\t\t\t\tdisplay:block;\r\n\t\t\t\t\t}\r\n\t\t\t\t\t#gallery-1.fastgallery.fg_thumbs_one {\r\n\t\t\t\t\t\twidth:auto!important;\r\n\t\t\t\t\t}\r\n\t\t\t\t<\/style><script type=\"text\/javascript\">\t\t\r\n\t\t\t\t\tjQuery(function($){\r\n\t\t\t\t\t\tjQuery(document).ready(function($){\r\n\t\t\t\t\t\t\t\t$(\"#gallery-1 a[data-rel-fg^='prettyPhoto']\").prettyPhoto({\r\n\t\t\t\t\t\t\t\t\tanimation_speed: 'fast',\r\n\t\t\t\t\t\t\t\t\tslideshow: 2000,\r\n\t\t\t\t\t\t\t\t\tautoplay_slideshow: true,\r\n\t\t\t\t\t\t\t\t\tshow_title: true,});\r\n\t\t\t\t\t\t}); \r\n\t\t\t\t\t});\r\n\t\t\t\t\t<\/script><div id='gallery-1' class='gallery galleryid-1 gallery-columns-5 gallery-size-fg-normal fastgallery brick-masonry fg_responsive fg_style1 off  fg_over_image_on'><div class='fg-gallery-item  '>\r\n\t\t\t\t\t<div class='fastgallery-gallery-icon no-caption'><div class='fg_zoom'><img width=\"500\" height=\"400\" src=\"https:\/\/www.foresterialevi.it\/wp-content\/uploads\/2021\/06\/FL_Foto-fondazione-levi-034-500x400.jpg\" class=\"attachment-thumbnail size-thumbnail\" alt=\"\" decoding=\"async\" loading=\"lazy\" srcset=\"https:\/\/www.foresterialevi.it\/wp-content\/uploads\/2021\/06\/FL_Foto-fondazione-levi-034-500x400.jpg 500w, https:\/\/www.foresterialevi.it\/wp-content\/uploads\/2021\/06\/FL_Foto-fondazione-levi-034-1000x800.jpg 1000w\" sizes=\"(max-width: 500px) 100vw, 500px\" \/><a href='https:\/\/www.foresterialevi.it\/wp-content\/uploads\/2021\/06\/FL_Foto-fondazione-levi-034.jpg' title=\"\" data-rel-fg='prettyPhoto[album-1]' class='fg_magnificPopup'><span class='fg-zoom-icon icon-plus'><\/span><span style='display:none'><img width=\"500\" height=\"400\" src=\"https:\/\/www.foresterialevi.it\/wp-content\/uploads\/2021\/06\/FL_Foto-fondazione-levi-034-500x400.jpg\" class=\"attachment-thumbnail size-thumbnail\" alt=\"\" decoding=\"async\" loading=\"lazy\" srcset=\"https:\/\/www.foresterialevi.it\/wp-content\/uploads\/2021\/06\/FL_Foto-fondazione-levi-034-500x400.jpg 500w, https:\/\/www.foresterialevi.it\/wp-content\/uploads\/2021\/06\/FL_Foto-fondazione-levi-034-1000x800.jpg 1000w\" sizes=\"(max-width: 500px) 100vw, 500px\" \/><\/span><\/a><\/div><\/div><\/div><div class='fg-gallery-item  '>\r\n\t\t\t\t\t<div class='fastgallery-gallery-icon no-caption'><div class='fg_zoom'><img width=\"500\" height=\"400\" src=\"https:\/\/www.foresterialevi.it\/wp-content\/uploads\/2021\/06\/FL_ingresso-fondazione-500x400.jpg\" class=\"attachment-thumbnail size-thumbnail\" alt=\"\" decoding=\"async\" loading=\"lazy\" srcset=\"https:\/\/www.foresterialevi.it\/wp-content\/uploads\/2021\/06\/FL_ingresso-fondazione-500x400.jpg 500w, https:\/\/www.foresterialevi.it\/wp-content\/uploads\/2021\/06\/FL_ingresso-fondazione-1000x800.jpg 1000w\" sizes=\"(max-width: 500px) 100vw, 500px\" \/><a href='https:\/\/www.foresterialevi.it\/wp-content\/uploads\/2021\/06\/FL_ingresso-fondazione.jpg' title=\"\" data-rel-fg='prettyPhoto[album-1]' class='fg_magnificPopup'><span class='fg-zoom-icon icon-plus'><\/span><span style='display:none'><img width=\"500\" height=\"400\" src=\"https:\/\/www.foresterialevi.it\/wp-content\/uploads\/2021\/06\/FL_ingresso-fondazione-500x400.jpg\" class=\"attachment-thumbnail size-thumbnail\" alt=\"\" decoding=\"async\" loading=\"lazy\" srcset=\"https:\/\/www.foresterialevi.it\/wp-content\/uploads\/2021\/06\/FL_ingresso-fondazione-500x400.jpg 500w, https:\/\/www.foresterialevi.it\/wp-content\/uploads\/2021\/06\/FL_ingresso-fondazione-1000x800.jpg 1000w\" sizes=\"(max-width: 500px) 100vw, 500px\" \/><\/span><\/a><\/div><\/div><\/div><div class='fg-gallery-item  '>\r\n\t\t\t\t\t<div class='fastgallery-gallery-icon no-caption'><div class='fg_zoom'><img width=\"500\" height=\"400\" src=\"https:\/\/www.foresterialevi.it\/wp-content\/uploads\/2021\/06\/FL_ingresso-foresteria-500x400.jpg\" class=\"attachment-thumbnail size-thumbnail\" alt=\"\" decoding=\"async\" loading=\"lazy\" srcset=\"https:\/\/www.foresterialevi.it\/wp-content\/uploads\/2021\/06\/FL_ingresso-foresteria-500x400.jpg 500w, https:\/\/www.foresterialevi.it\/wp-content\/uploads\/2021\/06\/FL_ingresso-foresteria-1000x800.jpg 1000w\" sizes=\"(max-width: 500px) 100vw, 500px\" \/><a href='https:\/\/www.foresterialevi.it\/wp-content\/uploads\/2021\/06\/FL_ingresso-foresteria.jpg' title=\"\" data-rel-fg='prettyPhoto[album-1]' class='fg_magnificPopup'><span class='fg-zoom-icon icon-plus'><\/span><span style='display:none'><img width=\"500\" height=\"400\" src=\"https:\/\/www.foresterialevi.it\/wp-content\/uploads\/2021\/06\/FL_ingresso-foresteria-500x400.jpg\" class=\"attachment-thumbnail size-thumbnail\" alt=\"\" decoding=\"async\" loading=\"lazy\" srcset=\"https:\/\/www.foresterialevi.it\/wp-content\/uploads\/2021\/06\/FL_ingresso-foresteria-500x400.jpg 500w, https:\/\/www.foresterialevi.it\/wp-content\/uploads\/2021\/06\/FL_ingresso-foresteria-1000x800.jpg 1000w\" sizes=\"(max-width: 500px) 100vw, 500px\" \/><\/span><\/a><\/div><\/div><\/div><div class='fg-gallery-item  '>\r\n\t\t\t\t\t<div class='fastgallery-gallery-icon no-caption'><div class='fg_zoom'><img width=\"500\" height=\"400\" src=\"https:\/\/www.foresterialevi.it\/wp-content\/uploads\/2021\/06\/FL_Foto-fondazione-levi-029-500x400.jpg\" class=\"attachment-thumbnail size-thumbnail\" alt=\"\" decoding=\"async\" loading=\"lazy\" srcset=\"https:\/\/www.foresterialevi.it\/wp-content\/uploads\/2021\/06\/FL_Foto-fondazione-levi-029-500x400.jpg 500w, https:\/\/www.foresterialevi.it\/wp-content\/uploads\/2021\/06\/FL_Foto-fondazione-levi-029-1000x800.jpg 1000w\" sizes=\"(max-width: 500px) 100vw, 500px\" \/><a href='https:\/\/www.foresterialevi.it\/wp-content\/uploads\/2021\/06\/FL_Foto-fondazione-levi-029.jpg' title=\"\" data-rel-fg='prettyPhoto[album-1]' class='fg_magnificPopup'><span class='fg-zoom-icon icon-plus'><\/span><span style='display:none'><img width=\"500\" height=\"400\" src=\"https:\/\/www.foresterialevi.it\/wp-content\/uploads\/2021\/06\/FL_Foto-fondazione-levi-029-500x400.jpg\" class=\"attachment-thumbnail size-thumbnail\" alt=\"\" decoding=\"async\" loading=\"lazy\" srcset=\"https:\/\/www.foresterialevi.it\/wp-content\/uploads\/2021\/06\/FL_Foto-fondazione-levi-029-500x400.jpg 500w, https:\/\/www.foresterialevi.it\/wp-content\/uploads\/2021\/06\/FL_Foto-fondazione-levi-029-1000x800.jpg 1000w\" sizes=\"(max-width: 500px) 100vw, 500px\" \/><\/span><\/a><\/div><\/div><\/div><div class='fg-gallery-item  '>\r\n\t\t\t\t\t<div class='fastgallery-gallery-icon no-caption'><div class='fg_zoom'><img width=\"500\" height=\"400\" src=\"https:\/\/www.foresterialevi.it\/wp-content\/uploads\/2021\/06\/FL_Foto-fondazione-levi-031-500x400.jpg\" class=\"attachment-thumbnail size-thumbnail\" alt=\"\" decoding=\"async\" loading=\"lazy\" srcset=\"https:\/\/www.foresterialevi.it\/wp-content\/uploads\/2021\/06\/FL_Foto-fondazione-levi-031-500x400.jpg 500w, https:\/\/www.foresterialevi.it\/wp-content\/uploads\/2021\/06\/FL_Foto-fondazione-levi-031-1000x800.jpg 1000w\" sizes=\"(max-width: 500px) 100vw, 500px\" \/><a href='https:\/\/www.foresterialevi.it\/wp-content\/uploads\/2021\/06\/FL_Foto-fondazione-levi-031.jpg' title=\"\" data-rel-fg='prettyPhoto[album-1]' class='fg_magnificPopup'><span class='fg-zoom-icon icon-plus'><\/span><span style='display:none'><img width=\"500\" height=\"400\" src=\"https:\/\/www.foresterialevi.it\/wp-content\/uploads\/2021\/06\/FL_Foto-fondazione-levi-031-500x400.jpg\" class=\"attachment-thumbnail size-thumbnail\" alt=\"\" decoding=\"async\" loading=\"lazy\" srcset=\"https:\/\/www.foresterialevi.it\/wp-content\/uploads\/2021\/06\/FL_Foto-fondazione-levi-031-500x400.jpg 500w, https:\/\/www.foresterialevi.it\/wp-content\/uploads\/2021\/06\/FL_Foto-fondazione-levi-031-1000x800.jpg 1000w\" sizes=\"(max-width: 500px) 100vw, 500px\" \/><\/span><\/a><\/div><\/div><\/div>\r\n\t\t\t\t\t<\/div>\n<div class=\"fg_clear\"><\/div>[\/vc_column][\/vc_row]<\/p>\n","protected":false},"excerpt":{"rendered":"<p>[vc_row full_width=&#8220;stretch_row_content&#8220;][vc_column][vc_raw_html]PGRpdiBjbGFzcz0iYXJyb3ctd3JhcHBlciI+PGRpdiBjbGFzcz0iYXJyb3ciPjwvZGl2PjwvZGl2Pg==[\/vc_raw_html][\/vc_column][\/vc_row][vc_row full_width=&#8220;stretch_row_content&#8220;][vc_column][vc_empty_space height=&#8220;100px&#8220;][vc_column_text] G\u00e4stehaus Levi [\/vc_column_text][vc_empty_space height=&#8220;50px&#8220;][\/vc_column][\/vc_row][vc_row css=&#8220;.vc_custom_1599480130175{padding-top: 50px !important;padding-bottom: 50px !important;}&#8220;][vc_column][vc_column_text] Das Giustinian Lolin Geb\u00e4ude, das im 17. Jahrhundert von Baldassarre Longhena, einem venezianischem Bildhauer und Architekten, ber\u00fchmter Autor der Basilika Santa Maria della Salute, restauriert wurde, beherbergt heute das G\u00e4stehaus Levi, ein Herrenhaus inmitten von Kunst und Komfort, eine vortreffliche Verbindung f\u00fcr&hellip;<\/p>\n","protected":false},"author":1,"featured_media":0,"parent":0,"menu_order":0,"comment_status":"closed","ping_status":"closed","template":"","meta":[],"aioseo_notices":[],"_links":{"self":[{"href":"https:\/\/www.foresterialevi.it\/de\/wp-json\/wp\/v2\/pages\/755"}],"collection":[{"href":"https:\/\/www.foresterialevi.it\/de\/wp-json\/wp\/v2\/pages"}],"about":[{"href":"https:\/\/www.foresterialevi.it\/de\/wp-json\/wp\/v2\/types\/page"}],"author":[{"embeddable":true,"href":"https:\/\/www.foresterialevi.it\/de\/wp-json\/wp\/v2\/users\/1"}],"replies":[{"embeddable":true,"href":"https:\/\/www.foresterialevi.it\/de\/wp-json\/wp\/v2\/comments?post=755"}],"version-history":[{"count":2,"href":"https:\/\/www.foresterialevi.it\/de\/wp-json\/wp\/v2\/pages\/755\/revisions"}],"predecessor-version":[{"id":757,"href":"https:\/\/www.foresterialevi.it\/de\/wp-json\/wp\/v2\/pages\/755\/revisions\/757"}],"wp:attachment":[{"href":"https:\/\/www.foresterialevi.it\/de\/wp-json\/wp\/v2\/media?parent=755"}],"curies":[{"name":"wp","href":"https:\/\/api.w.org\/{rel}","templated":true}]}}